{"id":2,"date":"2016-05-10T03:48:21","date_gmt":"2016-05-10T03:48:21","guid":{"rendered":"http:\/\/home.ralf-groessler.de\/?page_id=2"},"modified":"2018-11-21T10:08:49","modified_gmt":"2018-11-21T10:08:49","slug":"sample-page","status":"publish","type":"page","link":"http:\/\/ralf-groessler.de\/","title":{"rendered":"Home"},"content":{"rendered":"<div id=\"pl-2\"  class=\"panel-layout\" ><div id=\"pg-2-0\"  class=\"panel-grid panel-no-style\" ><div id=\"pgc-2-0-0\"  class=\"panel-grid-cell\" ><div id=\"panel-2-0-0-0\" class=\"so-panel widget widget_sow-editor panel-first-child panel-last-child\" data-index=\"0\" ><div\n\t\t\t\n\t\t\tclass=\"so-widget-sow-editor so-widget-sow-editor-base\"\n\t\t\t\n\t\t>\n<div class=\"siteorigin-widget-tinymce textwidget\">\n\t<section class=\"page-header\">\n<div class=\"icon\"><\/div>\n<div class=\"container\">\n<div class=\"description\">\n<div class=\"wrapper\">\n<h2 style=\"text-align: center;\">\"Musik mit der Kraft Geschichte zu schreiben\"<\/h2>\n<p style=\"text-align: center;\">Wildeshauser Zeitung nach der Urauff\u00fchrung des Hus-Requiems \u201eWahrheit in Flammen\u201c<\/p>\n<\/div>\n<\/div>\n<\/div>\n<\/section>\n<\/div>\n<\/div><\/div><\/div><\/div><div id=\"pg-2-1\"  class=\"panel-grid panel-no-style\" ><div id=\"pgc-2-1-0\"  class=\"panel-grid-cell\" ><div id=\"panel-2-1-0-0\" class=\"so-panel widget widget_text panel-first-child panel-last-child\" data-index=\"1\" ><h3 class=\"widget-title\">Wahrheit in Flammen<\/h3>\t\t\t<div class=\"textwidget\"><p style=\"text-align: center;\">Ein Requiem f\u00fcr Jan Hus<\/p>\n<p style=\"text-align: left;\"><img decoding=\"async\" loading=\"lazy\" class=\"wp-image-404 size-medium aligncenter\" src=\"http:\/\/ralf-groessler.de\/wp-content\/uploads\/2018\/11\/CSC_8604-300x200.jpg\" alt=\"\" width=\"300\" height=\"200\" srcset=\"http:\/\/ralf-groessler.de\/wp-content\/uploads\/2018\/11\/CSC_8604-300x200.jpg 300w, http:\/\/ralf-groessler.de\/wp-content\/uploads\/2018\/11\/CSC_8604-768x511.jpg 768w, http:\/\/ralf-groessler.de\/wp-content\/uploads\/2018\/11\/CSC_8604-1024x681.jpg 1024w, http:\/\/ralf-groessler.de\/wp-content\/uploads\/2018\/11\/CSC_8604-600x399.jpg 600w, http:\/\/ralf-groessler.de\/wp-content\/uploads\/2018\/11\/CSC_8604-272x182.jpg 272w\" sizes=\"(max-width: 300px) 100vw, 300px\" \/><br \/>\nNach Texten von Eugen Eckert, der Requiemsliturgie und der Bibel. Am 20. Januar 2017 wurde das Requiem in der Alexanderkirche Wildeshausen uraufgef\u00fchrt. 2 weitere Auff\u00fchrungen vor begeistertem Publikum fanden am 21. und 22. Januar 2017 statt.<\/p>\n<p style=\"text-align: center;\"><a href=\"http:\/\/home.ralf-groessler.de\/?page_id=178\">Weiterlesen \u2026 <\/a><\/p>\n<\/div>\n\t\t<\/div><\/div><div id=\"pgc-2-1-1\"  class=\"panel-grid-cell\" ><div id=\"panel-2-1-1-0\" class=\"so-panel widget widget_text panel-first-child panel-last-child\" data-index=\"2\" ><h3 class=\"widget-title\">Weitere Auff\u00fchrungen<\/h3>\t\t\t<div class=\"textwidget\"><p align=\"center\">sind bereits geplant<\/p>\n<p><img decoding=\"async\" loading=\"lazy\" class=\"wp-image-256 size-medium aligncenter\" src=\"http:\/\/home.ralf-groessler.de\/wp-content\/uploads\/2016\/05\/ea30b10a29f4083ecd0b4204e2445b97e673e0d018b617419c_1920-300x200.jpg\" alt=\"\" width=\"300\" height=\"200\" srcset=\"http:\/\/ralf-groessler.de\/wp-content\/uploads\/2016\/05\/ea30b10a29f4083ecd0b4204e2445b97e673e0d018b617419c_1920-300x200.jpg 300w, http:\/\/ralf-groessler.de\/wp-content\/uploads\/2016\/05\/ea30b10a29f4083ecd0b4204e2445b97e673e0d018b617419c_1920-768x512.jpg 768w, http:\/\/ralf-groessler.de\/wp-content\/uploads\/2016\/05\/ea30b10a29f4083ecd0b4204e2445b97e673e0d018b617419c_1920-1024x683.jpg 1024w, http:\/\/ralf-groessler.de\/wp-content\/uploads\/2016\/05\/ea30b10a29f4083ecd0b4204e2445b97e673e0d018b617419c_1920-600x400.jpg 600w, http:\/\/ralf-groessler.de\/wp-content\/uploads\/2016\/05\/ea30b10a29f4083ecd0b4204e2445b97e673e0d018b617419c_1920-272x182.jpg 272w, http:\/\/ralf-groessler.de\/wp-content\/uploads\/2016\/05\/ea30b10a29f4083ecd0b4204e2445b97e673e0d018b617419c_1920.jpg 1920w\" sizes=\"(max-width: 300px) 100vw, 300px\" \/><\/p>\n<p>Eine gro\u00dfe Tournee im Jahr 2020 f\u00fchrt die gr\u00f6\u00dftenteils komplette Urauff\u00fchrungsbesetzung \u00fcber Marburg, Konstanz und N\u00fcrnberg nach Prag, wo das Konzert am Todestag von Jan Hus, der in Tschechien Nationalfeiertag ist, am 6. Juli 2020 in der Kirche der B\u00f6hmischen Br\u00fcder aufgef\u00fchrt werden soll.<\/p>\n<\/div>\n\t\t<\/div><\/div><\/div><div id=\"pg-2-2\"  class=\"panel-grid panel-no-style\" ><div id=\"pgc-2-2-0\"  class=\"panel-grid-cell\" ><div id=\"panel-2-2-0-0\" class=\"so-panel widget widget_sow-button panel-first-child panel-last-child\" data-index=\"3\" ><div\n\t\t\t\n\t\t\tclass=\"so-widget-sow-button so-widget-sow-button-flat-05644a415082-2\"\n\t\t\t\n\t\t><div class=\"ow-button-base ow-button-align-center\">\n\t<a\n\thref=\"#\"\n\t\tclass=\"ow-icon-placement-left ow-button-hover\" \t>\n\t\t<span>\n\t\t\t<span class=\"sow-icon-fontawesome sow-fas\" data-sow-icon=\"&#xf10d;\"\n\t\tstyle=\"color: #000000\" \n\t\taria-hidden=\"true\"><\/span>\n\t\t\tDu kannst alle kommenden und vergangenen Auff\u00fchrungen hier finden \u2026\t\t<\/span>\n\t<\/a>\n<\/div>\n<\/div><\/div><\/div><\/div><\/div>","protected":false},"excerpt":{"rendered":"<p>&#8222;Musik mit der Kraft Geschichte zu schreiben&#8220; Wildeshauser Zeitung nach der Urauff\u00fchrung des Hus-Requiems \u201eWahrheit in Flammen\u201c Ein Requiem f\u00fcr Jan Hus Nach Texten von Eugen Eckert, der Requiemsliturgie und der Bibel. Am 20. Januar 2017 wurde das Requiem in der Alexanderkirche Wildeshausen uraufgef\u00fchrt. 2 weitere Auff\u00fchrungen vor begeistertem Publikum fanden am 21. und 22. [&hellip;]<\/p>\n","protected":false},"author":1,"featured_media":0,"parent":0,"menu_order":0,"comment_status":"closed","ping_status":"open","template":"","meta":{"footnotes":""},"_links":{"self":[{"href":"http:\/\/ralf-groessler.de\/index.php?rest_route=\/wp\/v2\/pages\/2"}],"collection":[{"href":"http:\/\/ralf-groessler.de\/index.php?rest_route=\/wp\/v2\/pages"}],"about":[{"href":"http:\/\/ralf-groessler.de\/index.php?rest_route=\/wp\/v2\/types\/page"}],"author":[{"embeddable":true,"href":"http:\/\/ralf-groessler.de\/index.php?rest_route=\/wp\/v2\/users\/1"}],"replies":[{"embeddable":true,"href":"http:\/\/ralf-groessler.de\/index.php?rest_route=%2Fwp%2Fv2%2Fcomments&post=2"}],"version-history":[{"count":45,"href":"http:\/\/ralf-groessler.de\/index.php?rest_route=\/wp\/v2\/pages\/2\/revisions"}],"predecessor-version":[{"id":406,"href":"http:\/\/ralf-groessler.de\/index.php?rest_route=\/wp\/v2\/pages\/2\/revisions\/406"}],"wp:attachment":[{"href":"http:\/\/ralf-groessler.de\/index.php?rest_route=%2Fwp%2Fv2%2Fmedia&parent=2"}],"curies":[{"name":"wp","href":"https:\/\/api.w.org\/{rel}","templated":true}]}}