{"id":178,"date":"2018-11-16T15:33:25","date_gmt":"2018-11-16T15:33:25","guid":{"rendered":"http:\/\/home.ralf-groessler.de\/?page_id=178"},"modified":"2018-11-21T10:22:36","modified_gmt":"2018-11-21T10:22:36","slug":"auffuehrungen","status":"publish","type":"page","link":"http:\/\/ralf-groessler.de\/?page_id=178","title":{"rendered":"Auff\u00fchrungen"},"content":{"rendered":"<div id=\"pl-178\"  class=\"panel-layout\" ><div id=\"pg-178-0\"  class=\"panel-grid panel-no-style\" ><div id=\"pgc-178-0-0\"  class=\"panel-grid-cell\" ><div id=\"panel-178-0-0-0\" class=\"so-panel widget widget_sow-editor panel-first-child panel-last-child\" data-index=\"0\" ><div\n\t\t\t\n\t\t\tclass=\"so-widget-sow-editor so-widget-sow-editor-base\"\n\t\t\t\n\t\t>\n<div class=\"siteorigin-widget-tinymce textwidget\">\n\t<section class=\"page-header\">\n<div class=\"container\">\n<div class=\"description\">\n<div class=\"wrapper\">\n<p class=\"byline\">Kommende und Vergangene<\/p>\n<h2>Auff\u00fchrungen und Presseberichte<\/h2>\n<p>Hier kannst Du zum einen kommende Auff\u00fchrungen von Ralf\u2019s Werken also auch eine \u00dcbersicht zu Auff\u00fchrungen in der Vergangenheit finden. Du f\u00fchrst eines der Werke auf? Gib Bescheid und wir tragen den Termin gerne ein!<\/p>\n<\/div>\n<\/div>\n<\/div>\n<\/section>\n<\/div>\n<\/div><\/div><\/div><\/div><div id=\"pg-178-1\"  class=\"panel-grid panel-no-style\" ><div id=\"pgc-178-1-0\"  class=\"panel-grid-cell\" ><div id=\"panel-178-1-0-0\" class=\"so-panel widget widget_sow-editor panel-first-child panel-last-child\" data-index=\"1\" ><div\n\t\t\t\n\t\t\tclass=\"so-widget-sow-editor so-widget-sow-editor-base\"\n\t\t\t\n\t\t><h3 class=\"widget-title\">Wahrheit in Flammen, ein Requiem f\u00fcr Jan Hus<\/h3>\n<div class=\"siteorigin-widget-tinymce textwidget\">\n\t<p>&nbsp;<\/p>\n<p style=\"text-align: center;\"><img decoding=\"async\" loading=\"lazy\" class=\"wp-image-404 size-medium alignleft\" src=\"http:\/\/ralf-groessler.de\/wp-content\/uploads\/2018\/11\/CSC_8604-300x200.jpg\" alt=\"\" width=\"300\" height=\"200\" srcset=\"http:\/\/ralf-groessler.de\/wp-content\/uploads\/2018\/11\/CSC_8604-300x200.jpg 300w, http:\/\/ralf-groessler.de\/wp-content\/uploads\/2018\/11\/CSC_8604-768x511.jpg 768w, http:\/\/ralf-groessler.de\/wp-content\/uploads\/2018\/11\/CSC_8604-1024x681.jpg 1024w, http:\/\/ralf-groessler.de\/wp-content\/uploads\/2018\/11\/CSC_8604-600x399.jpg 600w, http:\/\/ralf-groessler.de\/wp-content\/uploads\/2018\/11\/CSC_8604-272x182.jpg 272w\" sizes=\"(max-width: 300px) 100vw, 300px\" \/><\/p>\n<p class=\"byline\" style=\"text-align: left;\">20. Januar 2017 | Uhrauff\u00fchrung<\/p>\n<p>&nbsp;<\/p>\n<p style=\"text-align: left;\">Nach Texten von Eugen Eckert, der Requiemsliturgie und der Bibel. Am 20. Januar 2017 wurde das Requiem in der Alexanderkirche Wildeshausen uraufgef\u00fchrt. 2 weitere Auff\u00fchrungen vor begeistertem Publikum fanden am 21. und 22. Januar 2017 statt.<\/p>\n<p>&nbsp;<\/p>\n<p style=\"text-align: right;\"><strong>Presse<\/strong><br \/>\n<a href=\"http:\/\/ralf-groessler.de\/wp-content\/uploads\/2018\/11\/UARequiem2012017WZ-1.jpg\" target=\"_blank\" rel=\"noopener\">Wildeshauser Zeitung<\/a> 20. Januar 2017<br \/>\n<a href=\"http:\/\/ralf-groessler.de\/wp-content\/uploads\/2018\/11\/Requiem2012017DelKurier.jpg\" target=\"_blank\" rel=\"noopener\">Delmenhorster Kurier<\/a> 20. Januar 2017<\/p>\n<\/div>\n<\/div><\/div><\/div><\/div><div id=\"pg-178-2\"  class=\"panel-grid panel-no-style\" ><div id=\"pgc-178-2-0\"  class=\"panel-grid-cell\" ><div id=\"panel-178-2-0-0\" class=\"so-panel widget widget_sow-editor panel-first-child panel-last-child\" data-index=\"2\" ><div\n\t\t\t\n\t\t\tclass=\"so-widget-sow-editor so-widget-sow-editor-base\"\n\t\t\t\n\t\t><h3 class=\"widget-title\">Going Home - Gospel-Oratorium<\/h3>\n<div class=\"siteorigin-widget-tinymce textwidget\">\n\t<p class=\"byline\" style=\"text-align: left;\">12. Oktober 2012 | Uhrauff\u00fchrung<\/p>\n<p style=\"text-align: left;\"><img decoding=\"async\" loading=\"lazy\" class=\"alignnone wp-image-183\" src=\"http:\/\/home.ralf-groessler.de\/wp-content\/uploads\/2018\/11\/kirche_021-300x300.jpg\" alt=\"\" width=\"202\" height=\"202\" srcset=\"http:\/\/ralf-groessler.de\/wp-content\/uploads\/2018\/11\/kirche_021-300x300.jpg 300w, http:\/\/ralf-groessler.de\/wp-content\/uploads\/2018\/11\/kirche_021-150x150.jpg 150w, http:\/\/ralf-groessler.de\/wp-content\/uploads\/2018\/11\/kirche_021.jpg 469w\" sizes=\"(max-width: 202px) 100vw, 202px\" \/><\/p>\n<p style=\"text-align: left;\"><strong>Gospel-Oratorium<\/strong> Alexanderkirche Wildeshausen. 4 Ch\u00f6re, 130 S\u00e4nger und ein Orchester mit 33 Spielern. Lichtspiele an den Kirchenmauern. In vier Teilen erz\u00e4hlt dieses Werk vom Auszug des j\u00fcdischen Volkes aus \u00c4gypten.<\/p>\n<p style=\"text-align: left;\"><strong>Presse<\/strong><\/p>\n<p style=\"text-align: left;\"><a href=\"https:\/\/ev-kirche-wildeshausen.de\/presse\/zeitungsartikel\/artikel.php?chg_id=1063\" target=\"_blank\" rel=\"noopener\">Nord-West-Zeitung<\/a> 8. Oktober 2012<br \/>\n<a href=\"http:\/\/ralf-groessler.de\/wp-content\/uploads\/2018\/11\/GoingHome14102012EvZeitg.jpg\" target=\"_blank\" rel=\"noopener\">Evangelische Zeitung Nr.41<\/a> 14. Oktober 2012<\/p>\n<\/div>\n<\/div><\/div><\/div><div id=\"pgc-178-2-1\"  class=\"panel-grid-cell\" ><div id=\"panel-178-2-1-0\" class=\"so-panel widget widget_sow-editor panel-first-child panel-last-child\" data-index=\"3\" ><div\n\t\t\t\n\t\t\tclass=\"so-widget-sow-editor so-widget-sow-editor-base\"\n\t\t\t\n\t\t><h3 class=\"widget-title\">Prince of Peace<\/h3>\n<div class=\"siteorigin-widget-tinymce textwidget\">\n\t<p class=\"byline\" style=\"text-align: left;\">20. April 2007 | Uhrauff\u00fchrung<\/p>\n<p style=\"text-align: left;\"><img decoding=\"async\" loading=\"lazy\" class=\"aligncenter wp-image-188 size-full\" src=\"http:\/\/home.ralf-groessler.de\/wp-content\/uploads\/2018\/11\/prince-ly.jpg\" alt=\"\" width=\"202\" height=\"202\" srcset=\"http:\/\/ralf-groessler.de\/wp-content\/uploads\/2018\/11\/prince-ly.jpg 202w, http:\/\/ralf-groessler.de\/wp-content\/uploads\/2018\/11\/prince-ly-150x150.jpg 150w\" sizes=\"(max-width: 202px) 100vw, 202px\" \/><\/p>\n<p style=\"text-align: left;\"><strong>Gospel-Oratorium<\/strong>. Alexanderkirche Wildeshausen. Das abendf\u00fcllende Werk gliedert sich in vier Teile. 1. Teil: \u201eThe Prince of Peace\u201c \u2014 Die Geburt Jesu \/ 2. Teil: \u201eDer Weg, die Wahrheit, das Leben\u201c \/ 3. Teil: \u201eEiner von uns\u201c \/ 4. Teil: \u201eFriede sei mit dir\u201c.<\/p>\n<p style=\"text-align: center;\"><strong>Presse<\/strong><\/p>\n<p style=\"text-align: center;\"><a href=\"http:\/\/home.ralf-groessler.de\/wp-content\/uploads\/2018\/11\/1374747359MuK409.pdf\" target=\"_blank\" rel=\"noopener\">Musik und Kirche<\/a><\/p>\n<\/div>\n<\/div><\/div><\/div><\/div><\/div>","protected":false},"excerpt":{"rendered":"<p>Kommende und Vergangene Auff\u00fchrungen und Presseberichte Hier kannst Du zum einen kommende Auff\u00fchrungen von Ralf\u2019s Werken also auch eine \u00dcbersicht zu Auff\u00fchrungen in der Vergangenheit finden. Du f\u00fchrst eines der Werke auf? Gib Bescheid und wir tragen den Termin gerne ein! &nbsp; 20. Januar 2017 | Uhrauff\u00fchrung &nbsp; Nach Texten von Eugen Eckert, der Requiemsliturgie [&hellip;]<\/p>\n","protected":false},"author":1,"featured_media":0,"parent":0,"menu_order":0,"comment_status":"closed","ping_status":"closed","template":"","meta":{"footnotes":""},"_links":{"self":[{"href":"http:\/\/ralf-groessler.de\/index.php?rest_route=\/wp\/v2\/pages\/178"}],"collection":[{"href":"http:\/\/ralf-groessler.de\/index.php?rest_route=\/wp\/v2\/pages"}],"about":[{"href":"http:\/\/ralf-groessler.de\/index.php?rest_route=\/wp\/v2\/types\/page"}],"author":[{"embeddable":true,"href":"http:\/\/ralf-groessler.de\/index.php?rest_route=\/wp\/v2\/users\/1"}],"replies":[{"embeddable":true,"href":"http:\/\/ralf-groessler.de\/index.php?rest_route=%2Fwp%2Fv2%2Fcomments&post=178"}],"version-history":[{"count":20,"href":"http:\/\/ralf-groessler.de\/index.php?rest_route=\/wp\/v2\/pages\/178\/revisions"}],"predecessor-version":[{"id":413,"href":"http:\/\/ralf-groessler.de\/index.php?rest_route=\/wp\/v2\/pages\/178\/revisions\/413"}],"wp:attachment":[{"href":"http:\/\/ralf-groessler.de\/index.php?rest_route=%2Fwp%2Fv2%2Fmedia&parent=178"}],"curies":[{"name":"wp","href":"https:\/\/api.w.org\/{rel}","templated":true}]}}