{"id":174,"date":"2018-11-16T15:27:36","date_gmt":"2018-11-16T15:27:36","guid":{"rendered":"http:\/\/home.ralf-groessler.de\/?page_id=174"},"modified":"2023-10-20T08:13:30","modified_gmt":"2023-10-20T08:13:30","slug":"kontakt","status":"publish","type":"page","link":"http:\/\/ralf-groessler.de\/?page_id=174","title":{"rendered":"Kontakt"},"content":{"rendered":"<p>Haben Sie Fragen, Anregungen oder Kritik, gerne stehe ich Ihnen mit Rat und Tat zur Seite. Am Besten schreiben Sie mir Ihr Anliegen per Email, gerne k\u00f6nnen Sie aber auch versuchen mich telefonisch zu erreichen.<\/p>\n<p><strong>Ralf Gr\u00f6ssler<\/strong><\/p>\n<p>Birkenweg 8, 27801 D\u00f6tlingen<br \/>\nTelefon: 0 44 31 &#8211; 14 99<\/p>\n<p><a href=\"mailto:ralf.groessler@gmx.de\">ralf.groessler@gmx.de<\/a><br \/>\nwww.ralf-groessler.de<\/p>\n","protected":false},"excerpt":{"rendered":"<p>Haben Sie Fragen, Anregungen oder Kritik, gerne stehe ich Ihnen mit Rat und Tat zur Seite. Am Besten schreiben Sie mir Ihr Anliegen per Email, gerne k\u00f6nnen Sie aber auch versuchen mich telefonisch zu erreichen. Ralf Gr\u00f6ssler Birkenweg 8, 27801 D\u00f6tlingen Telefon: 0 44 31 &#8211; 14 99 ralf.groessler@gmx.de www.ralf-groessler.de<\/p>\n","protected":false},"author":1,"featured_media":0,"parent":0,"menu_order":0,"comment_status":"closed","ping_status":"closed","template":"","meta":{"footnotes":""},"_links":{"self":[{"href":"http:\/\/ralf-groessler.de\/index.php?rest_route=\/wp\/v2\/pages\/174"}],"collection":[{"href":"http:\/\/ralf-groessler.de\/index.php?rest_route=\/wp\/v2\/pages"}],"about":[{"href":"http:\/\/ralf-groessler.de\/index.php?rest_route=\/wp\/v2\/types\/page"}],"author":[{"embeddable":true,"href":"http:\/\/ralf-groessler.de\/index.php?rest_route=\/wp\/v2\/users\/1"}],"replies":[{"embeddable":true,"href":"http:\/\/ralf-groessler.de\/index.php?rest_route=%2Fwp%2Fv2%2Fcomments&post=174"}],"version-history":[{"count":2,"href":"http:\/\/ralf-groessler.de\/index.php?rest_route=\/wp\/v2\/pages\/174\/revisions"}],"predecessor-version":[{"id":424,"href":"http:\/\/ralf-groessler.de\/index.php?rest_route=\/wp\/v2\/pages\/174\/revisions\/424"}],"wp:attachment":[{"href":"http:\/\/ralf-groessler.de\/index.php?rest_route=%2Fwp%2Fv2%2Fmedia&parent=174"}],"curies":[{"name":"wp","href":"https:\/\/api.w.org\/{rel}","templated":true}]}}